{"id":13,"date":"2019-03-04T13:01:43","date_gmt":"2019-03-04T12:01:43","guid":{"rendered":"http:\/\/www.phila-prc.be\/?page_id=13"},"modified":"2024-11-26T17:39:37","modified_gmt":"2024-11-26T16:39:37","slug":"contact","status":"publish","type":"page","link":"https:\/\/www.philharmonieroyaleconcordia.be\/?page_id=13","title":{"rendered":"Contact"},"content":{"rendered":"<h3 style=\"text-align: center;\"><em><span style=\"color: #000000;\"><a href=\"http:\/\/www.philharmonieroyaleconcordia.be\/?page_id=2027\">Contactez-nous d\u00e8s maintenant<\/a><\/span><\/em><\/h3>\n<p style=\"text-align: center;\">0488 76 56 47 &#8211; <a href=\"mailto:orchestreprc@gmail.com\">Email<\/a> &#8211; \u00a0<a href=\"https:\/\/www.facebook.com\/philharmonieottignies\/\">Facebook<\/a> &#8211; <a href=\"https:\/\/www.instagram.com\/philharmonieottignies\/\">Instagram<\/a><\/p>\n<p style=\"text-align: center;\"><img loading=\"lazy\" decoding=\"async\" data-attachment-id=\"2081\" data-permalink=\"https:\/\/www.philharmonieroyaleconcordia.be\/?attachment_id=2081\" data-orig-file=\"https:\/\/i0.wp.com\/www.philharmonieroyaleconcordia.be\/wp-content\/uploads\/2023\/07\/smartphone.png?fit=512%2C512&amp;ssl=1\" data-orig-size=\"512,512\" data-comments-opened=\"1\" data-image-meta=\"{&quot;aperture&quot;:&quot;0&quot;,&quot;credit&quot;:&quot;&quot;,&quot;camera&quot;:&quot;&quot;,&quot;caption&quot;:&quot;&quot;,&quot;created_timestamp&quot;:&quot;0&quot;,&quot;copyright&quot;:&quot;&quot;,&quot;focal_length&quot;:&quot;0&quot;,&quot;iso&quot;:&quot;0&quot;,&quot;shutter_speed&quot;:&quot;0&quot;,&quot;title&quot;:&quot;&quot;,&quot;orientation&quot;:&quot;0&quot;}\" data-image-title=\"smartphone\" data-image-description=\"\" data-image-caption=\"\" data-medium-file=\"https:\/\/i0.wp.com\/www.philharmonieroyaleconcordia.be\/wp-content\/uploads\/2023\/07\/smartphone.png?fit=300%2C300&amp;ssl=1\" data-large-file=\"https:\/\/i0.wp.com\/www.philharmonieroyaleconcordia.be\/wp-content\/uploads\/2023\/07\/smartphone.png?fit=512%2C512&amp;ssl=1\" class=\"alignnone wp-image-2081\" src=\"https:\/\/i0.wp.com\/www.philharmonieroyaleconcordia.be\/wp-content\/uploads\/2023\/07\/smartphone.png?resize=85%2C85\" alt=\"\" width=\"85\" height=\"85\" srcset=\"https:\/\/i0.wp.com\/www.philharmonieroyaleconcordia.be\/wp-content\/uploads\/2023\/07\/smartphone.png?resize=300%2C300&amp;ssl=1 300w, https:\/\/i0.wp.com\/www.philharmonieroyaleconcordia.be\/wp-content\/uploads\/2023\/07\/smartphone.png?resize=150%2C150&amp;ssl=1 150w, https:\/\/i0.wp.com\/www.philharmonieroyaleconcordia.be\/wp-content\/uploads\/2023\/07\/smartphone.png?resize=50%2C50&amp;ssl=1 50w, https:\/\/i0.wp.com\/www.philharmonieroyaleconcordia.be\/wp-content\/uploads\/2023\/07\/smartphone.png?w=512&amp;ssl=1 512w\" sizes=\"auto, (max-width: 85px) 100vw, 85px\" data-recalc-dims=\"1\" \/> <a href=\"mailto:orchestreprc@gmail.com\"><img loading=\"lazy\" decoding=\"async\" data-attachment-id=\"2082\" data-permalink=\"https:\/\/www.philharmonieroyaleconcordia.be\/?attachment_id=2082\" data-orig-file=\"https:\/\/i0.wp.com\/www.philharmonieroyaleconcordia.be\/wp-content\/uploads\/2023\/07\/email.png?fit=512%2C512&amp;ssl=1\" data-orig-size=\"512,512\" data-comments-opened=\"1\" data-image-meta=\"{&quot;aperture&quot;:&quot;0&quot;,&quot;credit&quot;:&quot;&quot;,&quot;camera&quot;:&quot;&quot;,&quot;caption&quot;:&quot;&quot;,&quot;created_timestamp&quot;:&quot;0&quot;,&quot;copyright&quot;:&quot;&quot;,&quot;focal_length&quot;:&quot;0&quot;,&quot;iso&quot;:&quot;0&quot;,&quot;shutter_speed&quot;:&quot;0&quot;,&quot;title&quot;:&quot;&quot;,&quot;orientation&quot;:&quot;0&quot;}\" data-image-title=\"email\" data-image-description=\"\" data-image-caption=\"\" data-medium-file=\"https:\/\/i0.wp.com\/www.philharmonieroyaleconcordia.be\/wp-content\/uploads\/2023\/07\/email.png?fit=300%2C300&amp;ssl=1\" data-large-file=\"https:\/\/i0.wp.com\/www.philharmonieroyaleconcordia.be\/wp-content\/uploads\/2023\/07\/email.png?fit=512%2C512&amp;ssl=1\" class=\"alignnone wp-image-2082\" src=\"https:\/\/i0.wp.com\/www.philharmonieroyaleconcordia.be\/wp-content\/uploads\/2023\/07\/email.png?resize=82%2C82\" alt=\"\" width=\"82\" height=\"82\" srcset=\"https:\/\/i0.wp.com\/www.philharmonieroyaleconcordia.be\/wp-content\/uploads\/2023\/07\/email.png?resize=300%2C300&amp;ssl=1 300w, https:\/\/i0.wp.com\/www.philharmonieroyaleconcordia.be\/wp-content\/uploads\/2023\/07\/email.png?resize=150%2C150&amp;ssl=1 150w, https:\/\/i0.wp.com\/www.philharmonieroyaleconcordia.be\/wp-content\/uploads\/2023\/07\/email.png?resize=50%2C50&amp;ssl=1 50w, https:\/\/i0.wp.com\/www.philharmonieroyaleconcordia.be\/wp-content\/uploads\/2023\/07\/email.png?w=512&amp;ssl=1 512w\" sizes=\"auto, (max-width: 82px) 100vw, 82px\" data-recalc-dims=\"1\" \/><\/a> <a href=\"https:\/\/www.facebook.com\/philharmonieottignies\/\"><img loading=\"lazy\" decoding=\"async\" data-attachment-id=\"2084\" data-permalink=\"https:\/\/www.philharmonieroyaleconcordia.be\/?attachment_id=2084\" data-orig-file=\"https:\/\/i0.wp.com\/www.philharmonieroyaleconcordia.be\/wp-content\/uploads\/2023\/07\/facebook.png?fit=512%2C512&amp;ssl=1\" data-orig-size=\"512,512\" data-comments-opened=\"1\" data-image-meta=\"{&quot;aperture&quot;:&quot;0&quot;,&quot;credit&quot;:&quot;&quot;,&quot;camera&quot;:&quot;&quot;,&quot;caption&quot;:&quot;&quot;,&quot;created_timestamp&quot;:&quot;0&quot;,&quot;copyright&quot;:&quot;&quot;,&quot;focal_length&quot;:&quot;0&quot;,&quot;iso&quot;:&quot;0&quot;,&quot;shutter_speed&quot;:&quot;0&quot;,&quot;title&quot;:&quot;&quot;,&quot;orientation&quot;:&quot;0&quot;}\" data-image-title=\"facebook\" data-image-description=\"\" data-image-caption=\"\" data-medium-file=\"https:\/\/i0.wp.com\/www.philharmonieroyaleconcordia.be\/wp-content\/uploads\/2023\/07\/facebook.png?fit=300%2C300&amp;ssl=1\" data-large-file=\"https:\/\/i0.wp.com\/www.philharmonieroyaleconcordia.be\/wp-content\/uploads\/2023\/07\/facebook.png?fit=512%2C512&amp;ssl=1\" class=\"wp-image-2084 alignnone\" src=\"https:\/\/i0.wp.com\/www.philharmonieroyaleconcordia.be\/wp-content\/uploads\/2023\/07\/facebook.png?resize=83%2C83\" alt=\"\" width=\"83\" height=\"83\" srcset=\"https:\/\/i0.wp.com\/www.philharmonieroyaleconcordia.be\/wp-content\/uploads\/2023\/07\/facebook.png?resize=300%2C300&amp;ssl=1 300w, https:\/\/i0.wp.com\/www.philharmonieroyaleconcordia.be\/wp-content\/uploads\/2023\/07\/facebook.png?resize=150%2C150&amp;ssl=1 150w, https:\/\/i0.wp.com\/www.philharmonieroyaleconcordia.be\/wp-content\/uploads\/2023\/07\/facebook.png?resize=50%2C50&amp;ssl=1 50w, https:\/\/i0.wp.com\/www.philharmonieroyaleconcordia.be\/wp-content\/uploads\/2023\/07\/facebook.png?w=512&amp;ssl=1 512w\" sizes=\"auto, (max-width: 83px) 100vw, 83px\" data-recalc-dims=\"1\" \/><\/a>\u00a0<a href=\"https:\/\/www.instagram.com\/philharmonieottignies\/\"><img loading=\"lazy\" decoding=\"async\" data-attachment-id=\"2083\" data-permalink=\"https:\/\/www.philharmonieroyaleconcordia.be\/?attachment_id=2083\" data-orig-file=\"https:\/\/i0.wp.com\/www.philharmonieroyaleconcordia.be\/wp-content\/uploads\/2023\/07\/instagram.png?fit=512%2C512&amp;ssl=1\" data-orig-size=\"512,512\" data-comments-opened=\"1\" data-image-meta=\"{&quot;aperture&quot;:&quot;0&quot;,&quot;credit&quot;:&quot;&quot;,&quot;camera&quot;:&quot;&quot;,&quot;caption&quot;:&quot;&quot;,&quot;created_timestamp&quot;:&quot;0&quot;,&quot;copyright&quot;:&quot;&quot;,&quot;focal_length&quot;:&quot;0&quot;,&quot;iso&quot;:&quot;0&quot;,&quot;shutter_speed&quot;:&quot;0&quot;,&quot;title&quot;:&quot;&quot;,&quot;orientation&quot;:&quot;0&quot;}\" data-image-title=\"instagram\" data-image-description=\"\" data-image-caption=\"\" data-medium-file=\"https:\/\/i0.wp.com\/www.philharmonieroyaleconcordia.be\/wp-content\/uploads\/2023\/07\/instagram.png?fit=300%2C300&amp;ssl=1\" data-large-file=\"https:\/\/i0.wp.com\/www.philharmonieroyaleconcordia.be\/wp-content\/uploads\/2023\/07\/instagram.png?fit=512%2C512&amp;ssl=1\" class=\"alignnone wp-image-2083\" src=\"https:\/\/i0.wp.com\/www.philharmonieroyaleconcordia.be\/wp-content\/uploads\/2023\/07\/instagram.png?resize=82%2C82\" alt=\"\" width=\"82\" height=\"82\" srcset=\"https:\/\/i0.wp.com\/www.philharmonieroyaleconcordia.be\/wp-content\/uploads\/2023\/07\/instagram.png?resize=300%2C300&amp;ssl=1 300w, https:\/\/i0.wp.com\/www.philharmonieroyaleconcordia.be\/wp-content\/uploads\/2023\/07\/instagram.png?resize=150%2C150&amp;ssl=1 150w, https:\/\/i0.wp.com\/www.philharmonieroyaleconcordia.be\/wp-content\/uploads\/2023\/07\/instagram.png?resize=50%2C50&amp;ssl=1 50w, https:\/\/i0.wp.com\/www.philharmonieroyaleconcordia.be\/wp-content\/uploads\/2023\/07\/instagram.png?w=512&amp;ssl=1 512w\" sizes=\"auto, (max-width: 82px) 100vw, 82px\" data-recalc-dims=\"1\" \/><\/a><\/p>\n","protected":false},"excerpt":{"rendered":"<p>Contactez-nous d\u00e8s maintenant 0488 76 56 47 &#8211; Email &#8211; \u00a0Facebook &#8211; Instagram \u00a0<\/p>\n","protected":false},"author":1,"featured_media":0,"parent":0,"menu_order":0,"comment_status":"closed","ping_status":"closed","template":"","meta":{"ngg_post_thumbnail":0,"footnotes":""},"class_list":["post-13","page","type-page","status-publish","hentry"],"wppr_data":{"cwp_meta_box_check":"No"},"jetpack_sharing_enabled":true,"jetpack_shortlink":"https:\/\/wp.me\/PaLYOG-d","jetpack-related-posts":[{"id":164,"url":"https:\/\/www.philharmonieroyaleconcordia.be\/?page_id=164","url_meta":{"origin":13,"position":0},"title":"Vous souhaitez rejoindre notre orchestre ?","date":"17 mars 2019","format":false,"excerpt":"Vous \u00eates musicien amateur et vous pratiquez un instrument d\u2019harmonie ? \ud83c\udfba\ud83c\udfb7\ud83c\udfb6 Vous avez d\u00e9j\u00e0 de la pratique et vous souhaitez rejoindre la Philharmonie d'Ottignies-Louvain-la- Neuve ? Contactez-nous d\u00e8s maintenant 0488 76 56 47 - Email - \u00a0Facebook - Instagram \u00a0 Nous r\u00e9p\u00e9tons tous les samedis de 9h30 \u00e0 12h00\u2026","rel":"","context":"Article similaire","img":{"alt_text":"","src":"","width":0,"height":0},"classes":[]},{"id":2027,"url":"https:\/\/www.philharmonieroyaleconcordia.be\/?page_id=2027","url_meta":{"origin":13,"position":1},"title":"Nous contacter","date":"25 juillet 2023","format":false,"excerpt":"Philharmonie Royale Concordia d\u2019Ottignies A.S.B.L Si\u00e8ge social : Cour des Terres Noires, 4 - 1341 Ottignies \u2013 C\u00e9roux-Mousty Compte bancaire : BE62 0634 4100 3461 Nr d\u2019entreprise : 830.598.132 Adresse e-mail : orchestreprc@gmail.com GSM : 0488 76 56 47 \/ 0495 19 25 20 Page Facebook -\u00a0Page Instagram\u00a0 \u00a0 \u00a0\u2026","rel":"","context":"Article similaire","img":{"alt_text":"","src":"","width":0,"height":0},"classes":[]},{"id":37,"url":"https:\/\/www.philharmonieroyaleconcordia.be\/?page_id=37","url_meta":{"origin":13,"position":2},"title":"Organe d&#8217;Administration","date":"4 mars 2019","format":false,"excerpt":"Contacter les membres de l'organe d'administration : orchestreprc@gmail.com Tr\u00e9sorier : Mr Marchal Olivier Membres : Mr Urbain Marc, Mr G\u00e9rard Thomas, Mr Denis Guido \u00a0 Responsables Web\u00a0 : \u00a0Mr Willems Fran\u00e7ois Contact : webmaster@philharmonieroyaleconcordia.be","rel":"","context":"Article similaire","img":{"alt_text":"","src":"","width":0,"height":0},"classes":[]},{"id":2034,"url":"https:\/\/www.philharmonieroyaleconcordia.be\/?page_id=2034","url_meta":{"origin":13,"position":3},"title":"Proposez-nous une prestation","date":"25 juillet 2023","format":false,"excerpt":"Vous souhaitez organiser un concert ? Contactez nous pour tout type de prestation. On vous r\u00e9pondra avec plaisir! Nous proposons animations musicales pour vos \u00e9v\u00e9nements, en int\u00e9rieur ou en ext\u00e9rieur, en France ou \u00e0 l\u2019\u00e9tranger. D\u2019une dur\u00e9e de 30 min \u00e0 1h30, les concerts sont \u00e9labor\u00e9s en \u00e9troite collaboration avec\u2026","rel":"","context":"Article similaire","img":{"alt_text":"","src":"","width":0,"height":0},"classes":[]},{"id":444,"url":"https:\/\/www.philharmonieroyaleconcordia.be\/?page_id=444","url_meta":{"origin":13,"position":4},"title":"Direction musicale","date":"6 mai 2019","format":false,"excerpt":"Serge CANGE Serge a d\u00e9but\u00e9 la musique \u00e0 13 ans au sein de l'harmonie \" Renouveau Musical\" de Genappe en 1981 dont il a repris\u00a0 la direction musicale depuis 1989. Il a tr\u00e8s vite suivi des cours de trompette \u00e0 l'Acad\u00e9mie d'Ottignies ( Court St Etienne ) dans la classe\u2026","rel":"","context":"Article similaire","img":{"alt_text":"","src":"https:\/\/i0.wp.com\/www.philharmonieroyaleconcordia.be\/wp-content\/uploads\/2019\/06\/s-251x300.jpg?resize=350%2C200","width":350,"height":200},"classes":[]},{"id":22,"url":"https:\/\/www.philharmonieroyaleconcordia.be\/?page_id=22","url_meta":{"origin":13,"position":5},"title":"Notre Vision","date":"4 mars 2019","format":false,"excerpt":"Cr\u00e9ation, initiative, sens des responsabilit\u00e9s et r\u00e9flexions, acceptation des autres, efforts sans cesse renouvel\u00e9s en qu\u00eate d\u2019une perfection. On pourrait sans doute penser que ce sont des mots un peu \u00e9trangers au monde de la musique. Et pourtant... Nous sommes tous convaincus de l\u2019int\u00e9r\u00eat de conserver vivante au sein de\u2026","rel":"","context":"Article similaire","img":{"alt_text":"","src":"https:\/\/i0.wp.com\/www.philharmonieroyaleconcordia.be\/wp-content\/uploads\/2019\/03\/Pol.jpg?resize=350%2C200&ssl=1","width":350,"height":200},"classes":[]}],"_links":{"self":[{"href":"https:\/\/www.philharmonieroyaleconcordia.be\/index.php?rest_route=\/wp\/v2\/pages\/13","targetHints":{"allow":["GET"]}}],"collection":[{"href":"https:\/\/www.philharmonieroyaleconcordia.be\/index.php?rest_route=\/wp\/v2\/pages"}],"about":[{"href":"https:\/\/www.philharmonieroyaleconcordia.be\/index.php?rest_route=\/wp\/v2\/types\/page"}],"author":[{"embeddable":true,"href":"https:\/\/www.philharmonieroyaleconcordia.be\/index.php?rest_route=\/wp\/v2\/users\/1"}],"replies":[{"embeddable":true,"href":"https:\/\/www.philharmonieroyaleconcordia.be\/index.php?rest_route=%2Fwp%2Fv2%2Fcomments&post=13"}],"version-history":[{"count":11,"href":"https:\/\/www.philharmonieroyaleconcordia.be\/index.php?rest_route=\/wp\/v2\/pages\/13\/revisions"}],"predecessor-version":[{"id":2482,"href":"https:\/\/www.philharmonieroyaleconcordia.be\/index.php?rest_route=\/wp\/v2\/pages\/13\/revisions\/2482"}],"wp:attachment":[{"href":"https:\/\/www.philharmonieroyaleconcordia.be\/index.php?rest_route=%2Fwp%2Fv2%2Fmedia&parent=13"}],"curies":[{"name":"wp","href":"https:\/\/api.w.org\/{rel}","templated":true}]}}