{"id":164,"date":"2019-03-17T10:57:54","date_gmt":"2019-03-17T09:57:54","guid":{"rendered":"http:\/\/www.phila-prc.be\/?page_id=164"},"modified":"2024-11-26T17:41:54","modified_gmt":"2024-11-26T16:41:54","slug":"vous-souhaitez-rejoindre-notre-orchestre","status":"publish","type":"page","link":"https:\/\/www.philharmonieroyaleconcordia.be\/?page_id=164","title":{"rendered":"Vous souhaitez rejoindre notre orchestre ?"},"content":{"rendered":"<p style=\"text-align: center;\">Vous \u00eates musicien amateur et vous pratiquez un instrument d\u2019harmonie ? \ud83c\udfba\ud83c\udfb7\ud83c\udfb6<\/p>\n<p style=\"text-align: center;\">Vous avez d\u00e9j\u00e0 de la pratique et vous souhaitez rejoindre la Philharmonie d&#8217;Ottignies-Louvain-la- Neuve ?<\/p>\n<h3 style=\"text-align: center;\"><em><span style=\"color: #000000;\"><a href=\"http:\/\/www.philharmonieroyaleconcordia.be\/?page_id=2027\">Contactez-nous d\u00e8s maintenant<\/a><\/span><\/em><\/h3>\n<p style=\"text-align: center;\">0488 76 56 47 &#8211; <a href=\"mailto:orchestreprc@gmail.com\">Email<\/a> &#8211; \u00a0<a href=\"https:\/\/www.facebook.com\/philharmonieottignies\/\">Facebook<\/a> &#8211; <a href=\"https:\/\/www.instagram.com\/philharmonieottignies\/\">Instagram<\/a><\/p>\n<p style=\"text-align: center;\"><img loading=\"lazy\" decoding=\"async\" data-attachment-id=\"2081\" data-permalink=\"https:\/\/www.philharmonieroyaleconcordia.be\/?attachment_id=2081\" data-orig-file=\"https:\/\/i0.wp.com\/www.philharmonieroyaleconcordia.be\/wp-content\/uploads\/2023\/07\/smartphone.png?fit=512%2C512&amp;ssl=1\" data-orig-size=\"512,512\" data-comments-opened=\"1\" data-image-meta=\"{&quot;aperture&quot;:&quot;0&quot;,&quot;credit&quot;:&quot;&quot;,&quot;camera&quot;:&quot;&quot;,&quot;caption&quot;:&quot;&quot;,&quot;created_timestamp&quot;:&quot;0&quot;,&quot;copyright&quot;:&quot;&quot;,&quot;focal_length&quot;:&quot;0&quot;,&quot;iso&quot;:&quot;0&quot;,&quot;shutter_speed&quot;:&quot;0&quot;,&quot;title&quot;:&quot;&quot;,&quot;orientation&quot;:&quot;0&quot;}\" data-image-title=\"smartphone\" data-image-description=\"\" data-image-caption=\"\" data-medium-file=\"https:\/\/i0.wp.com\/www.philharmonieroyaleconcordia.be\/wp-content\/uploads\/2023\/07\/smartphone.png?fit=300%2C300&amp;ssl=1\" data-large-file=\"https:\/\/i0.wp.com\/www.philharmonieroyaleconcordia.be\/wp-content\/uploads\/2023\/07\/smartphone.png?fit=512%2C512&amp;ssl=1\" class=\"alignnone wp-image-2081\" src=\"https:\/\/i0.wp.com\/www.philharmonieroyaleconcordia.be\/wp-content\/uploads\/2023\/07\/smartphone.png?resize=85%2C85\" alt=\"\" width=\"85\" height=\"85\" srcset=\"https:\/\/i0.wp.com\/www.philharmonieroyaleconcordia.be\/wp-content\/uploads\/2023\/07\/smartphone.png?resize=300%2C300&amp;ssl=1 300w, https:\/\/i0.wp.com\/www.philharmonieroyaleconcordia.be\/wp-content\/uploads\/2023\/07\/smartphone.png?resize=150%2C150&amp;ssl=1 150w, https:\/\/i0.wp.com\/www.philharmonieroyaleconcordia.be\/wp-content\/uploads\/2023\/07\/smartphone.png?resize=50%2C50&amp;ssl=1 50w, https:\/\/i0.wp.com\/www.philharmonieroyaleconcordia.be\/wp-content\/uploads\/2023\/07\/smartphone.png?w=512&amp;ssl=1 512w\" sizes=\"auto, (max-width: 85px) 100vw, 85px\" data-recalc-dims=\"1\" \/> <a href=\"mailto:orchestreprc@gmail.com\"><img loading=\"lazy\" decoding=\"async\" data-attachment-id=\"2082\" data-permalink=\"https:\/\/www.philharmonieroyaleconcordia.be\/?attachment_id=2082\" data-orig-file=\"https:\/\/i0.wp.com\/www.philharmonieroyaleconcordia.be\/wp-content\/uploads\/2023\/07\/email.png?fit=512%2C512&amp;ssl=1\" data-orig-size=\"512,512\" data-comments-opened=\"1\" data-image-meta=\"{&quot;aperture&quot;:&quot;0&quot;,&quot;credit&quot;:&quot;&quot;,&quot;camera&quot;:&quot;&quot;,&quot;caption&quot;:&quot;&quot;,&quot;created_timestamp&quot;:&quot;0&quot;,&quot;copyright&quot;:&quot;&quot;,&quot;focal_length&quot;:&quot;0&quot;,&quot;iso&quot;:&quot;0&quot;,&quot;shutter_speed&quot;:&quot;0&quot;,&quot;title&quot;:&quot;&quot;,&quot;orientation&quot;:&quot;0&quot;}\" data-image-title=\"email\" data-image-description=\"\" data-image-caption=\"\" data-medium-file=\"https:\/\/i0.wp.com\/www.philharmonieroyaleconcordia.be\/wp-content\/uploads\/2023\/07\/email.png?fit=300%2C300&amp;ssl=1\" data-large-file=\"https:\/\/i0.wp.com\/www.philharmonieroyaleconcordia.be\/wp-content\/uploads\/2023\/07\/email.png?fit=512%2C512&amp;ssl=1\" class=\"alignnone wp-image-2082\" src=\"https:\/\/i0.wp.com\/www.philharmonieroyaleconcordia.be\/wp-content\/uploads\/2023\/07\/email.png?resize=82%2C82\" alt=\"\" width=\"82\" height=\"82\" srcset=\"https:\/\/i0.wp.com\/www.philharmonieroyaleconcordia.be\/wp-content\/uploads\/2023\/07\/email.png?resize=300%2C300&amp;ssl=1 300w, https:\/\/i0.wp.com\/www.philharmonieroyaleconcordia.be\/wp-content\/uploads\/2023\/07\/email.png?resize=150%2C150&amp;ssl=1 150w, https:\/\/i0.wp.com\/www.philharmonieroyaleconcordia.be\/wp-content\/uploads\/2023\/07\/email.png?resize=50%2C50&amp;ssl=1 50w, https:\/\/i0.wp.com\/www.philharmonieroyaleconcordia.be\/wp-content\/uploads\/2023\/07\/email.png?w=512&amp;ssl=1 512w\" sizes=\"auto, (max-width: 82px) 100vw, 82px\" data-recalc-dims=\"1\" \/><\/a> <a href=\"https:\/\/www.facebook.com\/philharmonieottignies\/\"><img loading=\"lazy\" decoding=\"async\" data-attachment-id=\"2084\" data-permalink=\"https:\/\/www.philharmonieroyaleconcordia.be\/?attachment_id=2084\" data-orig-file=\"https:\/\/i0.wp.com\/www.philharmonieroyaleconcordia.be\/wp-content\/uploads\/2023\/07\/facebook.png?fit=512%2C512&amp;ssl=1\" data-orig-size=\"512,512\" data-comments-opened=\"1\" data-image-meta=\"{&quot;aperture&quot;:&quot;0&quot;,&quot;credit&quot;:&quot;&quot;,&quot;camera&quot;:&quot;&quot;,&quot;caption&quot;:&quot;&quot;,&quot;created_timestamp&quot;:&quot;0&quot;,&quot;copyright&quot;:&quot;&quot;,&quot;focal_length&quot;:&quot;0&quot;,&quot;iso&quot;:&quot;0&quot;,&quot;shutter_speed&quot;:&quot;0&quot;,&quot;title&quot;:&quot;&quot;,&quot;orientation&quot;:&quot;0&quot;}\" data-image-title=\"facebook\" data-image-description=\"\" data-image-caption=\"\" data-medium-file=\"https:\/\/i0.wp.com\/www.philharmonieroyaleconcordia.be\/wp-content\/uploads\/2023\/07\/facebook.png?fit=300%2C300&amp;ssl=1\" data-large-file=\"https:\/\/i0.wp.com\/www.philharmonieroyaleconcordia.be\/wp-content\/uploads\/2023\/07\/facebook.png?fit=512%2C512&amp;ssl=1\" class=\"wp-image-2084 alignnone\" src=\"https:\/\/i0.wp.com\/www.philharmonieroyaleconcordia.be\/wp-content\/uploads\/2023\/07\/facebook.png?resize=83%2C83\" alt=\"\" width=\"83\" height=\"83\" srcset=\"https:\/\/i0.wp.com\/www.philharmonieroyaleconcordia.be\/wp-content\/uploads\/2023\/07\/facebook.png?resize=300%2C300&amp;ssl=1 300w, https:\/\/i0.wp.com\/www.philharmonieroyaleconcordia.be\/wp-content\/uploads\/2023\/07\/facebook.png?resize=150%2C150&amp;ssl=1 150w, https:\/\/i0.wp.com\/www.philharmonieroyaleconcordia.be\/wp-content\/uploads\/2023\/07\/facebook.png?resize=50%2C50&amp;ssl=1 50w, https:\/\/i0.wp.com\/www.philharmonieroyaleconcordia.be\/wp-content\/uploads\/2023\/07\/facebook.png?w=512&amp;ssl=1 512w\" sizes=\"auto, (max-width: 83px) 100vw, 83px\" data-recalc-dims=\"1\" \/><\/a>\u00a0<a href=\"https:\/\/www.instagram.com\/philharmonieottignies\/\"><img loading=\"lazy\" decoding=\"async\" data-attachment-id=\"2083\" data-permalink=\"https:\/\/www.philharmonieroyaleconcordia.be\/?attachment_id=2083\" data-orig-file=\"https:\/\/i0.wp.com\/www.philharmonieroyaleconcordia.be\/wp-content\/uploads\/2023\/07\/instagram.png?fit=512%2C512&amp;ssl=1\" data-orig-size=\"512,512\" data-comments-opened=\"1\" data-image-meta=\"{&quot;aperture&quot;:&quot;0&quot;,&quot;credit&quot;:&quot;&quot;,&quot;camera&quot;:&quot;&quot;,&quot;caption&quot;:&quot;&quot;,&quot;created_timestamp&quot;:&quot;0&quot;,&quot;copyright&quot;:&quot;&quot;,&quot;focal_length&quot;:&quot;0&quot;,&quot;iso&quot;:&quot;0&quot;,&quot;shutter_speed&quot;:&quot;0&quot;,&quot;title&quot;:&quot;&quot;,&quot;orientation&quot;:&quot;0&quot;}\" data-image-title=\"instagram\" data-image-description=\"\" data-image-caption=\"\" data-medium-file=\"https:\/\/i0.wp.com\/www.philharmonieroyaleconcordia.be\/wp-content\/uploads\/2023\/07\/instagram.png?fit=300%2C300&amp;ssl=1\" data-large-file=\"https:\/\/i0.wp.com\/www.philharmonieroyaleconcordia.be\/wp-content\/uploads\/2023\/07\/instagram.png?fit=512%2C512&amp;ssl=1\" class=\"alignnone wp-image-2083\" src=\"https:\/\/i0.wp.com\/www.philharmonieroyaleconcordia.be\/wp-content\/uploads\/2023\/07\/instagram.png?resize=82%2C82\" alt=\"\" width=\"82\" height=\"82\" srcset=\"https:\/\/i0.wp.com\/www.philharmonieroyaleconcordia.be\/wp-content\/uploads\/2023\/07\/instagram.png?resize=300%2C300&amp;ssl=1 300w, https:\/\/i0.wp.com\/www.philharmonieroyaleconcordia.be\/wp-content\/uploads\/2023\/07\/instagram.png?resize=150%2C150&amp;ssl=1 150w, https:\/\/i0.wp.com\/www.philharmonieroyaleconcordia.be\/wp-content\/uploads\/2023\/07\/instagram.png?resize=50%2C50&amp;ssl=1 50w, https:\/\/i0.wp.com\/www.philharmonieroyaleconcordia.be\/wp-content\/uploads\/2023\/07\/instagram.png?w=512&amp;ssl=1 512w\" sizes=\"auto, (max-width: 82px) 100vw, 82px\" data-recalc-dims=\"1\" \/><\/a><\/p>\n<p><strong>Nous r\u00e9p\u00e9tons tous les samedis de 9h30 \u00e0 12h00 dans la <\/strong><a href=\"https:\/\/www.google.com\/maps\/dir\/\/grange+du+douaire\/data=!4m6!4m5!1m1!4e2!1m2!1m1!1s0x47c3d5e55af7c417:0x6002ea89e44af26a?ved=2ahUKEwiGzK65-IjhAhXPfFAKHZ0UDbQQ9RcwLnoECAYQEA\"><strong>Grange du Douaire<\/strong><\/a> (Avenue des Combattants 2 \u00e0 Ottignies-Louvain-la-Neuve).<\/p>\n<p>N&#8217;ayant pas d&#8217;examen d&#8217;entr\u00e9e, tous les musiciens sont les bienvenus. Si vous \u00eates \u00e9l\u00e8ve \u00e0 l&#8217;<a href=\"https:\/\/www.acarts.be\/\">Acad\u00e9mie de Court-St-Etienne &amp; Ottingies-LLN <\/a>\u00a0vous pouvez venir chez nous pour votre 2\u00e8me p\u00e9riode de <a href=\"https:\/\/www.acarts.be\/domaines\/musique\/cours-complementaires-2\/ensembles-instrumentaux\/\">cours d&#8217;ensemble<\/a><\/p>\n<h4 style=\"text-align: center;\">\u00a0N&#8217;h\u00e9sitez pas \u00e0 nous contacter ou \u00e0 passer lors d&#8217;une r\u00e9p\u00e9tition, vous serez accueilli \u00e0 bras ouverts ! \ud83c\udf89<\/h4>\n<p style=\"text-align: center;\"><iframe loading=\"lazy\" style=\"border: 0;\" src=\"https:\/\/www.google.com\/maps\/embed?pb=!1m14!1m8!1m3!1d632.2629441669112!2d4.5650396!3d50.6632992!3m2!1i1024!2i768!4f13.1!3m3!1m2!1s0x47c3d5e55af7c417%3A0x6002ea89e44af26a!2sGrange%20du%20Douaire!5e0!3m2!1sfr!2sbe!4v1690315890313!5m2!1sfr!2sbe\" width=\"600\" height=\"450\" allowfullscreen=\"allowfullscreen\"><\/iframe><\/p>\n","protected":false},"excerpt":{"rendered":"<p>Vous \u00eates musicien amateur et vous pratiquez un instrument d\u2019harmonie ? \ud83c\udfba\ud83c\udfb7\ud83c\udfb6 Vous avez d\u00e9j\u00e0 de la pratique et vous souhaitez rejoindre la Philharmonie d&#8217;Ottignies-Louvain-la- Neuve ? Contactez-nous d\u00e8s maintenant &hellip; <\/p>\n<p class=\"link-more\"><a href=\"https:\/\/www.philharmonieroyaleconcordia.be\/?page_id=164\" class=\"more-link\">Lire la suite de<span class=\"screen-reader-text\">\u00ab\u00a0Vous souhaitez rejoindre notre orchestre ?\u00a0\u00bb<\/span><\/a><\/p>\n","protected":false},"author":2,"featured_media":0,"parent":0,"menu_order":0,"comment_status":"closed","ping_status":"closed","template":"","meta":{"ngg_post_thumbnail":0,"footnotes":""},"class_list":["post-164","page","type-page","status-publish","hentry"],"wppr_data":{"cwp_meta_box_check":"No"},"jetpack_sharing_enabled":true,"jetpack_shortlink":"https:\/\/wp.me\/PaLYOG-2E","jetpack-related-posts":[{"id":2034,"url":"https:\/\/www.philharmonieroyaleconcordia.be\/?page_id=2034","url_meta":{"origin":164,"position":0},"title":"Proposez-nous une prestation","date":"25 juillet 2023","format":false,"excerpt":"Vous souhaitez organiser un concert ? Contactez nous pour tout type de prestation. On vous r\u00e9pondra avec plaisir! Nous proposons animations musicales pour vos \u00e9v\u00e9nements, en int\u00e9rieur ou en ext\u00e9rieur, en France ou \u00e0 l\u2019\u00e9tranger. D\u2019une dur\u00e9e de 30 min \u00e0 1h30, les concerts sont \u00e9labor\u00e9s en \u00e9troite collaboration avec\u2026","rel":"","context":"Article similaire","img":{"alt_text":"","src":"","width":0,"height":0},"classes":[]}],"_links":{"self":[{"href":"https:\/\/www.philharmonieroyaleconcordia.be\/index.php?rest_route=\/wp\/v2\/pages\/164","targetHints":{"allow":["GET"]}}],"collection":[{"href":"https:\/\/www.philharmonieroyaleconcordia.be\/index.php?rest_route=\/wp\/v2\/pages"}],"about":[{"href":"https:\/\/www.philharmonieroyaleconcordia.be\/index.php?rest_route=\/wp\/v2\/types\/page"}],"author":[{"embeddable":true,"href":"https:\/\/www.philharmonieroyaleconcordia.be\/index.php?rest_route=\/wp\/v2\/users\/2"}],"replies":[{"embeddable":true,"href":"https:\/\/www.philharmonieroyaleconcordia.be\/index.php?rest_route=%2Fwp%2Fv2%2Fcomments&post=164"}],"version-history":[{"count":33,"href":"https:\/\/www.philharmonieroyaleconcordia.be\/index.php?rest_route=\/wp\/v2\/pages\/164\/revisions"}],"predecessor-version":[{"id":2483,"href":"https:\/\/www.philharmonieroyaleconcordia.be\/index.php?rest_route=\/wp\/v2\/pages\/164\/revisions\/2483"}],"wp:attachment":[{"href":"https:\/\/www.philharmonieroyaleconcordia.be\/index.php?rest_route=%2Fwp%2Fv2%2Fmedia&parent=164"}],"curies":[{"name":"wp","href":"https:\/\/api.w.org\/{rel}","templated":true}]}}