{"id":167,"date":"2019-03-17T11:07:49","date_gmt":"2019-03-17T10:07:49","guid":{"rendered":"http:\/\/www.phila-prc.be\/?page_id=167"},"modified":"2023-07-25T22:34:46","modified_gmt":"2023-07-25T20:34:46","slug":"videos","status":"publish","type":"page","link":"https:\/\/www.philharmonieroyaleconcordia.be\/?page_id=167","title":{"rendered":"Vid\u00e9os"},"content":{"rendered":"<p><strong>Cliquez sur le lien ci-dessous pour vous visionnez nos vid\u00e9os.<\/strong><\/p>\n<p><script src=\"https:\/\/apis.google.com\/js\/platform.js\"><\/script><\/p>\n<h4 data-channelid=\"UCuqBv7AjaPI7o4n3oc5zSXg\" data-layout=\"full\" data-count=\"default\">&nbsp;<\/h4>\n<h4 data-channelid=\"UCuqBv7AjaPI7o4n3oc5zSXg\" data-layout=\"full\" data-count=\"default\">&nbsp;<\/h4>\n<h4 class=\"g-ytsubscribe\" data-channelid=\"UCuqBv7AjaPI7o4n3oc5zSXg\" data-layout=\"full\" data-count=\"default\"><strong>Broadway Concert Night 2023<\/strong> au SPOTT d&#8217;Ottignies (22 avril 2023).<br \/>\n&#8220;Concert de gala sur le th\u00eame des com\u00e9dies musicales&nbsp; &#8211; Direction Serge Cange<\/h4>\n<div data-channelid=\"UCuqBv7AjaPI7o4n3oc5zSXg\" data-layout=\"full\" data-count=\"default\">Extrait de West Side Story (Mambo)<\/div>\n<div data-channelid=\"UCuqBv7AjaPI7o4n3oc5zSXg\" data-layout=\"full\" data-count=\"default\">\n<div style=\"width: 640px;\" class=\"wp-video\"><video class=\"wp-video-shortcode\" id=\"video-167-1\" width=\"640\" height=\"368\" preload=\"metadata\" controls=\"controls\"><source type=\"video\/mp4\" src=\"http:\/\/www.philharmonieroyaleconcordia.be\/wp-content\/uploads\/2023\/07\/10000000_5941120969318579_3027733791341298900_n.mp4?_=1\" \/><a href=\"http:\/\/www.philharmonieroyaleconcordia.be\/wp-content\/uploads\/2023\/07\/10000000_5941120969318579_3027733791341298900_n.mp4\">http:\/\/www.philharmonieroyaleconcordia.be\/wp-content\/uploads\/2023\/07\/10000000_5941120969318579_3027733791341298900_n.mp4<\/a><\/video><\/div>\n<\/div>\n<div data-channelid=\"UCuqBv7AjaPI7o4n3oc5zSXg\" data-layout=\"full\" data-count=\"default\">Extrait de la Belle et la B\u00eate<\/div>\n<div data-channelid=\"UCuqBv7AjaPI7o4n3oc5zSXg\" data-layout=\"full\" data-count=\"default\">\n<div style=\"width: 640px;\" class=\"wp-video\"><video class=\"wp-video-shortcode\" id=\"video-167-2\" width=\"640\" height=\"368\" preload=\"metadata\" controls=\"controls\"><source type=\"video\/mp4\" src=\"http:\/\/www.philharmonieroyaleconcordia.be\/wp-content\/uploads\/2023\/07\/10000000_5968741469922265_13709574660077021_n.mp4?_=2\" \/><a href=\"http:\/\/www.philharmonieroyaleconcordia.be\/wp-content\/uploads\/2023\/07\/10000000_5968741469922265_13709574660077021_n.mp4\">http:\/\/www.philharmonieroyaleconcordia.be\/wp-content\/uploads\/2023\/07\/10000000_5968741469922265_13709574660077021_n.mp4<\/a><\/video><\/div>\n<\/div>\n<div data-channelid=\"UCuqBv7AjaPI7o4n3oc5zSXg\" data-layout=\"full\" data-count=\"default\">&nbsp;<\/div>\n<div data-channelid=\"UCuqBv7AjaPI7o4n3oc5zSXg\" data-layout=\"full\" data-count=\"default\">Extrait du Roi Lion (1 et 2)<\/div>\n<div data-channelid=\"UCuqBv7AjaPI7o4n3oc5zSXg\" data-layout=\"full\" data-count=\"default\">\n<div style=\"width: 640px;\" class=\"wp-video\"><video class=\"wp-video-shortcode\" id=\"video-167-3\" width=\"640\" height=\"368\" preload=\"metadata\" controls=\"controls\"><source type=\"video\/mp4\" src=\"http:\/\/www.philharmonieroyaleconcordia.be\/wp-content\/uploads\/2023\/07\/341871485_6230736947005712_7100923369185583357_n.mp4?_=3\" \/><a href=\"http:\/\/www.philharmonieroyaleconcordia.be\/wp-content\/uploads\/2023\/07\/341871485_6230736947005712_7100923369185583357_n.mp4\">http:\/\/www.philharmonieroyaleconcordia.be\/wp-content\/uploads\/2023\/07\/341871485_6230736947005712_7100923369185583357_n.mp4<\/a><\/video><\/div>\n<\/div>\n<div data-channelid=\"UCuqBv7AjaPI7o4n3oc5zSXg\" data-layout=\"full\" data-count=\"default\">\n<div style=\"width: 640px;\" class=\"wp-video\"><video class=\"wp-video-shortcode\" id=\"video-167-4\" width=\"640\" height=\"368\" preload=\"metadata\" controls=\"controls\"><source type=\"video\/mp4\" src=\"http:\/\/www.philharmonieroyaleconcordia.be\/wp-content\/uploads\/2023\/07\/342430456_6294223943974656_3623647962880933807_n.mp4?_=4\" \/><a href=\"http:\/\/www.philharmonieroyaleconcordia.be\/wp-content\/uploads\/2023\/07\/342430456_6294223943974656_3623647962880933807_n.mp4\">http:\/\/www.philharmonieroyaleconcordia.be\/wp-content\/uploads\/2023\/07\/342430456_6294223943974656_3623647962880933807_n.mp4<\/a><\/video><\/div>\n<\/div>\n<div data-channelid=\"UCuqBv7AjaPI7o4n3oc5zSXg\" data-layout=\"full\" data-count=\"default\">&nbsp;<\/div>\n<div data-channelid=\"UCuqBv7AjaPI7o4n3oc5zSXg\" data-layout=\"full\" data-count=\"default\">&nbsp;<\/div>\n<div data-channelid=\"UCuqBv7AjaPI7o4n3oc5zSXg\" data-layout=\"full\" data-count=\"default\">\n<hr>\n<\/div>\n<div data-channelid=\"UCuqBv7AjaPI7o4n3oc5zSXg\" data-layout=\"full\" data-count=\"default\">&nbsp;<\/div>\n<h4 data-channelid=\"UCuqBv7AjaPI7o4n3oc5zSXg\" data-layout=\"full\" data-count=\"default\"><strong>Concert du 18 septembre 2022<\/strong> \u00e0 l&#8217;Espace du coeur de ville d&#8217;Ottignies.<br \/>\n&#8220;Concert de vari\u00e9t\u00e9s pour les F\u00eates de Wallonie d&#8217;Ottignies-LLN&nbsp; &#8211; Direction Serge Cange<\/h4>\n<div data-channelid=\"UCuqBv7AjaPI7o4n3oc5zSXg\" data-layout=\"full\" data-count=\"default\">&nbsp;<\/div>\n<div data-channelid=\"UCuqBv7AjaPI7o4n3oc5zSXg\" data-layout=\"full\" data-count=\"default\">\n<div style=\"width: 848px;\" class=\"wp-video\"><video class=\"wp-video-shortcode\" id=\"video-167-5\" width=\"848\" height=\"480\" preload=\"metadata\" controls=\"controls\"><source type=\"video\/mp4\" src=\"http:\/\/www.philharmonieroyaleconcordia.be\/wp-content\/uploads\/2022\/09\/WhatsApp-Video-2022-09-18-at-17.06.37-5.mp4?_=5\" \/><a href=\"http:\/\/www.philharmonieroyaleconcordia.be\/wp-content\/uploads\/2022\/09\/WhatsApp-Video-2022-09-18-at-17.06.37-5.mp4\">http:\/\/www.philharmonieroyaleconcordia.be\/wp-content\/uploads\/2022\/09\/WhatsApp-Video-2022-09-18-at-17.06.37-5.mp4<\/a><\/video><\/div>\n<div style=\"width: 848px;\" class=\"wp-video\"><video class=\"wp-video-shortcode\" id=\"video-167-6\" width=\"848\" height=\"480\" preload=\"metadata\" controls=\"controls\"><source type=\"video\/mp4\" src=\"http:\/\/www.philharmonieroyaleconcordia.be\/wp-content\/uploads\/2022\/09\/WhatsApp-Video-2022-09-18-at-17.06.37-1.mp4?_=6\" \/><a href=\"http:\/\/www.philharmonieroyaleconcordia.be\/wp-content\/uploads\/2022\/09\/WhatsApp-Video-2022-09-18-at-17.06.37-1.mp4\">http:\/\/www.philharmonieroyaleconcordia.be\/wp-content\/uploads\/2022\/09\/WhatsApp-Video-2022-09-18-at-17.06.37-1.mp4<\/a><\/video><\/div>\n<div style=\"width: 848px;\" class=\"wp-video\"><video class=\"wp-video-shortcode\" id=\"video-167-7\" width=\"848\" height=\"480\" preload=\"metadata\" controls=\"controls\"><source type=\"video\/mp4\" src=\"http:\/\/www.philharmonieroyaleconcordia.be\/wp-content\/uploads\/2022\/09\/stromae.mp4?_=7\" \/><a href=\"http:\/\/www.philharmonieroyaleconcordia.be\/wp-content\/uploads\/2022\/09\/stromae.mp4\">http:\/\/www.philharmonieroyaleconcordia.be\/wp-content\/uploads\/2022\/09\/stromae.mp4<\/a><\/video><\/div>\n<div style=\"width: 848px;\" class=\"wp-video\"><video class=\"wp-video-shortcode\" id=\"video-167-8\" width=\"848\" height=\"480\" preload=\"metadata\" controls=\"controls\"><source type=\"video\/mp4\" src=\"http:\/\/www.philharmonieroyaleconcordia.be\/wp-content\/uploads\/2022\/09\/pokemon.mp4?_=8\" \/><a href=\"http:\/\/www.philharmonieroyaleconcordia.be\/wp-content\/uploads\/2022\/09\/pokemon.mp4\">http:\/\/www.philharmonieroyaleconcordia.be\/wp-content\/uploads\/2022\/09\/pokemon.mp4<\/a><\/video><\/div>\n<div style=\"width: 848px;\" class=\"wp-video\"><video class=\"wp-video-shortcode\" id=\"video-167-9\" width=\"848\" height=\"480\" preload=\"metadata\" controls=\"controls\"><source type=\"video\/mp4\" src=\"http:\/\/www.philharmonieroyaleconcordia.be\/wp-content\/uploads\/2022\/09\/bella-ciao.mp4?_=9\" \/><a href=\"http:\/\/www.philharmonieroyaleconcordia.be\/wp-content\/uploads\/2022\/09\/bella-ciao.mp4\">http:\/\/www.philharmonieroyaleconcordia.be\/wp-content\/uploads\/2022\/09\/bella-ciao.mp4<\/a><\/video><\/div>\n<\/div>\n<div data-channelid=\"UCuqBv7AjaPI7o4n3oc5zSXg\" data-layout=\"full\" data-count=\"default\">&nbsp;<\/div>\n<div data-channelid=\"UCuqBv7AjaPI7o4n3oc5zSXg\" data-layout=\"full\" data-count=\"default\">&nbsp;<\/div>\n<div data-channelid=\"UCuqBv7AjaPI7o4n3oc5zSXg\" data-layout=\"full\" data-count=\"default\">\n<hr>\n<\/div>\n<div data-channelid=\"UCuqBv7AjaPI7o4n3oc5zSXg\" data-layout=\"full\" data-count=\"default\">&nbsp;<\/div>\n<h4 data-channelid=\"UCuqBv7AjaPI7o4n3oc5zSXg\" data-layout=\"full\" data-count=\"default\">Concert du 30 mars 2019 au Centre Culturel d&#8217;Ottignies-LLN.&nbsp;<br \/>\n&#8220;La Musique danse&#8221;&nbsp; &#8211; Direction Pol Dusart<\/h4>\n<p><iframe loading=\"lazy\" src=\"https:\/\/www.youtube.com\/embed\/aBybMlbVId0\" width=\"560\" height=\"315\" frameborder=\"0\" allowfullscreen=\"allowfullscreen\"><\/iframe><\/p>\n<p>&nbsp;<\/p>\n","protected":false},"excerpt":{"rendered":"<p>Cliquez sur le lien ci-dessous pour vous visionnez nos vid\u00e9os. &nbsp; &nbsp; Broadway Concert Night 2023 au SPOTT d&#8217;Ottignies (22 avril 2023). &#8220;Concert de gala sur le th\u00eame des com\u00e9dies &hellip; <\/p>\n<p class=\"link-more\"><a href=\"https:\/\/www.philharmonieroyaleconcordia.be\/?page_id=167\" class=\"more-link\">Lire la suite de<span class=\"screen-reader-text\">\u00ab\u00a0Vid\u00e9os\u00a0\u00bb<\/span><\/a><\/p>\n","protected":false},"author":2,"featured_media":0,"parent":0,"menu_order":0,"comment_status":"closed","ping_status":"closed","template":"","meta":{"ngg_post_thumbnail":0,"footnotes":""},"class_list":["post-167","page","type-page","status-publish","hentry"],"wppr_data":{"cwp_meta_box_check":"No"},"jetpack_sharing_enabled":true,"jetpack_shortlink":"https:\/\/wp.me\/PaLYOG-2H","jetpack-related-posts":[{"id":26,"url":"https:\/\/www.philharmonieroyaleconcordia.be\/?page_id=26","url_meta":{"origin":167,"position":0},"title":"Album photos","date":"4 mars 2019","format":false,"excerpt":"F\u00eates de Wallonie \u00e0 Ottignies [15 Septembre 2024] \u00a0 Clic ici pour visualiser l'album complet du concert\u00a0 \u00a0 A World of Heroes 2024 Clic ici pour visualiser l'album complet du concert 'A World of Heroes of Heroes' 2024 \u00a0 Broadway Concert\u00a0 Night 2023 \u00a0 Clic ici pour visualiser l'album complet\u2026","rel":"","context":"Article similaire","img":{"alt_text":"","src":"https:\/\/i0.wp.com\/www.philharmonieroyaleconcordia.be\/wp-content\/uploads\/2021\/05\/2020-09-26-10.01.00-scaled.jpg?resize=350%2C200","width":350,"height":200},"classes":[]},{"id":581,"url":"https:\/\/www.philharmonieroyaleconcordia.be\/?page_id=581","url_meta":{"origin":167,"position":1},"title":"Revues Presto","date":"25 novembre 2019","format":false,"excerpt":"Tous les deux mois, la F\u00e9d\u00e9ration Musicale du Brabant wallon publie une revue Presto.\u00a0 Retrouvez les revues Presto ici : Presto 44 - septembre-octobre 2024 \u00a0 Archives :\u00a0 Presto001 Presto002 Presto003 Presto004 Presto005 Presto006 Presto007 Presto008 Presto009 Presto010 Presto011 Presto012 Presto013 Presto014 Presto015\u00a0 Presto016 Presto017 Presto018 Presto019 Presto020 Presto021 Presto022\u2026","rel":"","context":"Article similaire","img":{"alt_text":"","src":"","width":0,"height":0},"classes":[]},{"id":267,"url":"https:\/\/www.philharmonieroyaleconcordia.be\/?page_id=267","url_meta":{"origin":167,"position":2},"title":"Pr\u00e9paration aux concerts","date":"19 mars 2019","format":false,"excerpt":"Pr\u00e9paration du concert de Gala de la PRC: Playlist: https:\/\/www.youtube.com\/playlist?list=PLLMLj6qu9ccep-OoSCljeJIbdaJCk3aAP\u00a0 \u00a0 \u00a0 \u00a0 \u00a0","rel":"","context":"Article similaire","img":{"alt_text":"","src":"","width":0,"height":0},"classes":[]},{"id":2034,"url":"https:\/\/www.philharmonieroyaleconcordia.be\/?page_id=2034","url_meta":{"origin":167,"position":3},"title":"Proposez-nous une prestation","date":"25 juillet 2023","format":false,"excerpt":"Vous souhaitez organiser un concert ? Contactez nous pour tout type de prestation. On vous r\u00e9pondra avec plaisir! Nous proposons animations musicales pour vos \u00e9v\u00e9nements, en int\u00e9rieur ou en ext\u00e9rieur, en France ou \u00e0 l\u2019\u00e9tranger. D\u2019une dur\u00e9e de 30 min \u00e0 1h30, les concerts sont \u00e9labor\u00e9s en \u00e9troite collaboration avec\u2026","rel":"","context":"Article similaire","img":{"alt_text":"","src":"","width":0,"height":0},"classes":[]},{"id":623,"url":"https:\/\/www.philharmonieroyaleconcordia.be\/?page_id=623","url_meta":{"origin":167,"position":4},"title":"Nos m\u00e9dias (photos, vid\u00e9os, etc.)","date":"26 janvier 2020","format":false,"excerpt":"En cliquant sur la petite fl\u00e8che \u00e0 droite du mot \"Nos m\u00e9dias\", vous d\u00e9couvrirez les vid\u00e9os et photos de nos prestations.","rel":"","context":"Article similaire","img":{"alt_text":"","src":"","width":0,"height":0},"classes":[]},{"id":22,"url":"https:\/\/www.philharmonieroyaleconcordia.be\/?page_id=22","url_meta":{"origin":167,"position":5},"title":"Notre Vision","date":"4 mars 2019","format":false,"excerpt":"Cr\u00e9ation, initiative, sens des responsabilit\u00e9s et r\u00e9flexions, acceptation des autres, efforts sans cesse renouvel\u00e9s en qu\u00eate d\u2019une perfection. On pourrait sans doute penser que ce sont des mots un peu \u00e9trangers au monde de la musique. Et pourtant... Nous sommes tous convaincus de l\u2019int\u00e9r\u00eat de conserver vivante au sein de\u2026","rel":"","context":"Article similaire","img":{"alt_text":"","src":"https:\/\/i0.wp.com\/www.philharmonieroyaleconcordia.be\/wp-content\/uploads\/2019\/03\/Pol.jpg?resize=350%2C200&ssl=1","width":350,"height":200},"classes":[]}],"_links":{"self":[{"href":"https:\/\/www.philharmonieroyaleconcordia.be\/index.php?rest_route=\/wp\/v2\/pages\/167","targetHints":{"allow":["GET"]}}],"collection":[{"href":"https:\/\/www.philharmonieroyaleconcordia.be\/index.php?rest_route=\/wp\/v2\/pages"}],"about":[{"href":"https:\/\/www.philharmonieroyaleconcordia.be\/index.php?rest_route=\/wp\/v2\/types\/page"}],"author":[{"embeddable":true,"href":"https:\/\/www.philharmonieroyaleconcordia.be\/index.php?rest_route=\/wp\/v2\/users\/2"}],"replies":[{"embeddable":true,"href":"https:\/\/www.philharmonieroyaleconcordia.be\/index.php?rest_route=%2Fwp%2Fv2%2Fcomments&post=167"}],"version-history":[{"count":17,"href":"https:\/\/www.philharmonieroyaleconcordia.be\/index.php?rest_route=\/wp\/v2\/pages\/167\/revisions"}],"predecessor-version":[{"id":1354,"href":"https:\/\/www.philharmonieroyaleconcordia.be\/index.php?rest_route=\/wp\/v2\/pages\/167\/revisions\/1354"}],"wp:attachment":[{"href":"https:\/\/www.philharmonieroyaleconcordia.be\/index.php?rest_route=%2Fwp%2Fv2%2Fmedia&parent=167"}],"curies":[{"name":"wp","href":"https:\/\/api.w.org\/{rel}","templated":true}]}}