{"id":37,"date":"2019-03-04T15:13:02","date_gmt":"2019-03-04T14:13:02","guid":{"rendered":"http:\/\/www.phila-prc.be\/?page_id=37"},"modified":"2025-02-04T11:17:43","modified_gmt":"2025-02-04T10:17:43","slug":"conseil-dadministration","status":"publish","type":"page","link":"https:\/\/www.philharmonieroyaleconcordia.be\/?page_id=37","title":{"rendered":"Organe d&#8217;Administration"},"content":{"rendered":"<p style=\"text-align: center;\"><em><strong><span style=\"text-align: center;\">Contacter les membres de l&#8217;organe d&#8217;administration : <\/span><\/strong><\/em><\/p>\n<h4 style=\"text-align: center;\"><span style=\"text-align: center;\"><a href=\"mailto:orchestreprc@gmail.com\">orchestreprc@gmail.com<\/a><\/span><\/h4>\n<h4 style=\"text-align: center;\"><strong>Tr\u00e9sorier : <\/strong>Mr Marchal Olivier<\/h4>\n<h4 style=\"text-align: center;\"><strong>Membres : <\/strong>Mr Urbain Marc, Mr G\u00e9rard Thomas, Mr Denis Guido<\/h4>\n<p>&nbsp;<\/p>\n<hr>\n<p style=\"text-align: center;\"><strong>Responsables Web&nbsp; : <\/strong>&nbsp;Mr Willems Fran\u00e7ois<\/p>\n<p style=\"text-align: center;\">Contact : webmaster@philharmonieroyaleconcordia.be<\/p>\n<hr>\n<p style=\"text-align: center;\"><img loading=\"lazy\" decoding=\"async\" data-attachment-id=\"232\" data-permalink=\"https:\/\/www.philharmonieroyaleconcordia.be\/?attachment_id=232\" data-orig-file=\"https:\/\/i0.wp.com\/www.philharmonieroyaleconcordia.be\/wp-content\/uploads\/2019\/03\/treble-clef-1960852_1920.png?fit=1920%2C1080&amp;ssl=1\" data-orig-size=\"1920,1080\" data-comments-opened=\"1\" data-image-meta=\"{&quot;aperture&quot;:&quot;0&quot;,&quot;credit&quot;:&quot;&quot;,&quot;camera&quot;:&quot;&quot;,&quot;caption&quot;:&quot;&quot;,&quot;created_timestamp&quot;:&quot;0&quot;,&quot;copyright&quot;:&quot;&quot;,&quot;focal_length&quot;:&quot;0&quot;,&quot;iso&quot;:&quot;0&quot;,&quot;shutter_speed&quot;:&quot;0&quot;,&quot;title&quot;:&quot;&quot;,&quot;orientation&quot;:&quot;0&quot;}\" data-image-title=\"treble-clef-1960852_1920\" data-image-description=\"\" data-image-caption=\"\" data-medium-file=\"https:\/\/i0.wp.com\/www.philharmonieroyaleconcordia.be\/wp-content\/uploads\/2019\/03\/treble-clef-1960852_1920.png?fit=300%2C169&amp;ssl=1\" data-large-file=\"https:\/\/i0.wp.com\/www.philharmonieroyaleconcordia.be\/wp-content\/uploads\/2019\/03\/treble-clef-1960852_1920.png?fit=950%2C534&amp;ssl=1\" class=\"alignnone size-medium wp-image-232\" src=\"https:\/\/i0.wp.com\/www.phila-prc.be\/wp-content\/uploads\/2019\/03\/treble-clef-1960852_1920-300x169.png?resize=300%2C169\" alt=\"\" width=\"300\" height=\"169\" srcset=\"https:\/\/i0.wp.com\/www.philharmonieroyaleconcordia.be\/wp-content\/uploads\/2019\/03\/treble-clef-1960852_1920.png?resize=300%2C169&amp;ssl=1 300w, https:\/\/i0.wp.com\/www.philharmonieroyaleconcordia.be\/wp-content\/uploads\/2019\/03\/treble-clef-1960852_1920.png?resize=768%2C432&amp;ssl=1 768w, https:\/\/i0.wp.com\/www.philharmonieroyaleconcordia.be\/wp-content\/uploads\/2019\/03\/treble-clef-1960852_1920.png?resize=1024%2C576&amp;ssl=1 1024w, https:\/\/i0.wp.com\/www.philharmonieroyaleconcordia.be\/wp-content\/uploads\/2019\/03\/treble-clef-1960852_1920.png?resize=1320%2C743&amp;ssl=1 1320w, https:\/\/i0.wp.com\/www.philharmonieroyaleconcordia.be\/wp-content\/uploads\/2019\/03\/treble-clef-1960852_1920.png?w=1920&amp;ssl=1 1920w\" sizes=\"auto, (max-width: 300px) 100vw, 300px\" data-recalc-dims=\"1\" \/><\/p>\n","protected":false},"excerpt":{"rendered":"<p>Contacter les membres de l&#8217;organe d&#8217;administration : orchestreprc@gmail.com Tr\u00e9sorier : Mr Marchal Olivier Membres : Mr Urbain Marc, Mr G\u00e9rard Thomas, Mr Denis Guido &nbsp; Responsables Web&nbsp; : &nbsp;Mr Willems &hellip; <\/p>\n<p class=\"link-more\"><a href=\"https:\/\/www.philharmonieroyaleconcordia.be\/?page_id=37\" class=\"more-link\">Lire la suite de<span class=\"screen-reader-text\">\u00ab\u00a0Organe d&#8217;Administration\u00a0\u00bb<\/span><\/a><\/p>\n","protected":false},"author":1,"featured_media":0,"parent":0,"menu_order":0,"comment_status":"closed","ping_status":"closed","template":"","meta":{"ngg_post_thumbnail":0,"footnotes":""},"class_list":["post-37","page","type-page","status-publish","hentry"],"wppr_data":{"cwp_meta_box_check":"No"},"jetpack_sharing_enabled":true,"jetpack_shortlink":"https:\/\/wp.me\/PaLYOG-B","jetpack-related-posts":[{"id":19,"url":"https:\/\/www.philharmonieroyaleconcordia.be\/?page_id=19","url_meta":{"origin":37,"position":0},"title":"Histoire","date":"4 mars 2019","format":false,"excerpt":"Un peu d\u2019histoire Au d\u00e9but de l\u2019\u00e8re industrielle, nos r\u00e9gions ont vu na\u00eetre des fanfares subsidi\u00e9es par des entreprises. La premi\u00e8re station ferroviaire d\u2019Ottignies est mise en service en 1855 et re\u00e7oit un b\u00e2timent provisoire en 1858. En 1860, le chef de gare d\u2019Ottignies r\u00e9unit les musiciens, membres de son\u2026","rel":"","context":"Article similaire","img":{"alt_text":"","src":"","width":0,"height":0},"classes":[]},{"id":1036,"url":"https:\/\/www.philharmonieroyaleconcordia.be\/?page_id=1036","url_meta":{"origin":37,"position":1},"title":"","date":"14 f\u00e9vrier 2022","format":false,"excerpt":"\u00a0 \u00a0 \u00a0 Derni\u00e8res infos :","rel":"","context":"Article similaire","img":{"alt_text":"","src":"","width":0,"height":0},"classes":[]},{"id":244,"url":"https:\/\/www.philharmonieroyaleconcordia.be\/?page_id=244","url_meta":{"origin":37,"position":2},"title":"Informations importantes","date":"19 mars 2019","format":false,"excerpt":".\u00a0 \u00a0 \u00a0 \u00a0 \u00a0 \u00a0 \u00a0 .\u00a0 \u00a0 \u00a0 \u00a0 \u00a0 \u00a0 ______________ \u00a0 \u00a0 \u00a0 \u00a0 \u00a0 \u00a0 \u00a0 \u00a0 \u00a0 \u00a0 \u00a0 R\u00e8glement d'ordre int\u00e9rieur\u00a0 \u00a0 \u00a0 \u00a0 \u00a0 \u00a0 \u00a0 \u00a0 \u00a0 \u00a0 \u00a0 \u00a0 \u00a0Statuts de l'ASBL\u00a0 \u00a0 \u00a0 \u00a0 \u00a0 \u00a0 \u00a0 \u00a0 \u00a0\u2026","rel":"","context":"Article similaire","img":{"alt_text":"","src":"https:\/\/i0.wp.com\/www.philharmonieroyaleconcordia.be\/wp-content\/uploads\/2019\/06\/Re\u00cc\u0081glement-dOrdre-Inte\u00cc\u0081rieur-approuve\u00cc\u0081-par-AG-du-27-avril-2019-original-signe\u00cc\u0081_Page_01-212x300.jpg?resize=350%2C200","width":350,"height":200},"classes":[]},{"id":271,"url":"https:\/\/www.philharmonieroyaleconcordia.be\/?page_id=271","url_meta":{"origin":37,"position":3},"title":"Concordia Agenda","date":"20 mars 2019","format":false,"excerpt":"Mode d'emploi pour ins\u00e9rer l'ensemble des dates dans son agenda personnel (smartphone p.e.):\u00a0 1. Ouvrir le site Internet via un ordinateur (et non smartphone) 2. Acc\u00e9der \u00e0 la page affichant les dates (via acc\u00e8s membre et code \u00ab\u00a0prc) 3. Cliquez en dessous des dates sur \u00ab\u00a0+GOOGLE CALENDAR\u00a0\u00bb 4. Une page\u2026","rel":"","context":"Article similaire","img":{"alt_text":"","src":"","width":0,"height":0},"classes":[]},{"id":617,"url":"https:\/\/www.philharmonieroyaleconcordia.be\/?page_id=617","url_meta":{"origin":37,"position":4},"title":"","date":"21 janvier 2020","format":false,"excerpt":"","rel":"","context":"Article similaire","img":{"alt_text":"","src":"","width":0,"height":0},"classes":[]},{"id":626,"url":"https:\/\/www.philharmonieroyaleconcordia.be\/?page_id=626","url_meta":{"origin":37,"position":5},"title":"L&#8217;Orchestre","date":"26 janvier 2020","format":false,"excerpt":"Vous trouverez, en cliquant sur la petite fl\u00e8che \u00e0 droite de mot orchestre dans le menu, diff\u00e9rents onglets vous pr\u00e9sentant notre vision, les membres, notre chef d'orchestre, etc.","rel":"","context":"Article similaire","img":{"alt_text":"","src":"","width":0,"height":0},"classes":[]}],"_links":{"self":[{"href":"https:\/\/www.philharmonieroyaleconcordia.be\/index.php?rest_route=\/wp\/v2\/pages\/37","targetHints":{"allow":["GET"]}}],"collection":[{"href":"https:\/\/www.philharmonieroyaleconcordia.be\/index.php?rest_route=\/wp\/v2\/pages"}],"about":[{"href":"https:\/\/www.philharmonieroyaleconcordia.be\/index.php?rest_route=\/wp\/v2\/types\/page"}],"author":[{"embeddable":true,"href":"https:\/\/www.philharmonieroyaleconcordia.be\/index.php?rest_route=\/wp\/v2\/users\/1"}],"replies":[{"embeddable":true,"href":"https:\/\/www.philharmonieroyaleconcordia.be\/index.php?rest_route=%2Fwp%2Fv2%2Fcomments&post=37"}],"version-history":[{"count":45,"href":"https:\/\/www.philharmonieroyaleconcordia.be\/index.php?rest_route=\/wp\/v2\/pages\/37\/revisions"}],"predecessor-version":[{"id":2501,"href":"https:\/\/www.philharmonieroyaleconcordia.be\/index.php?rest_route=\/wp\/v2\/pages\/37\/revisions\/2501"}],"wp:attachment":[{"href":"https:\/\/www.philharmonieroyaleconcordia.be\/index.php?rest_route=%2Fwp%2Fv2%2Fmedia&parent=37"}],"curies":[{"name":"wp","href":"https:\/\/api.w.org\/{rel}","templated":true}]}}