{"id":444,"date":"2019-05-06T17:31:54","date_gmt":"2019-05-06T15:31:54","guid":{"rendered":"http:\/\/www.philharmonieroyaleconcordia.be\/?page_id=444"},"modified":"2024-12-22T08:18:33","modified_gmt":"2024-12-22T07:18:33","slug":"direction-musicale","status":"publish","type":"page","link":"https:\/\/www.philharmonieroyaleconcordia.be\/?page_id=444","title":{"rendered":"Direction musicale"},"content":{"rendered":"<p><strong><u>Serge CANGE<\/u><\/strong><\/p>\n<p><img loading=\"lazy\" decoding=\"async\" data-attachment-id=\"483\" data-permalink=\"https:\/\/www.philharmonieroyaleconcordia.be\/?attachment_id=483\" data-orig-file=\"https:\/\/i0.wp.com\/www.philharmonieroyaleconcordia.be\/wp-content\/uploads\/2019\/06\/s.jpg?fit=1217%2C1457&amp;ssl=1\" data-orig-size=\"1217,1457\" data-comments-opened=\"1\" data-image-meta=\"{&quot;aperture&quot;:&quot;5.6&quot;,&quot;credit&quot;:&quot;&quot;,&quot;camera&quot;:&quot;NIKON D3&quot;,&quot;caption&quot;:&quot;&quot;,&quot;created_timestamp&quot;:&quot;1294567553&quot;,&quot;copyright&quot;:&quot;&quot;,&quot;focal_length&quot;:&quot;200&quot;,&quot;iso&quot;:&quot;2000&quot;,&quot;shutter_speed&quot;:&quot;0.0008&quot;,&quot;title&quot;:&quot;&quot;,&quot;orientation&quot;:&quot;0&quot;}\" data-image-title=\"s\" data-image-description=\"\" data-image-caption=\"\" data-medium-file=\"https:\/\/i0.wp.com\/www.philharmonieroyaleconcordia.be\/wp-content\/uploads\/2019\/06\/s.jpg?fit=251%2C300&amp;ssl=1\" data-large-file=\"https:\/\/i0.wp.com\/www.philharmonieroyaleconcordia.be\/wp-content\/uploads\/2019\/06\/s.jpg?fit=855%2C1024&amp;ssl=1\" class=\" wp-image-483 alignright\" src=\"https:\/\/i0.wp.com\/www.philharmonieroyaleconcordia.be\/wp-content\/uploads\/2019\/06\/s.jpg?resize=240%2C287\" alt=\"\" width=\"240\" height=\"287\" srcset=\"https:\/\/i0.wp.com\/www.philharmonieroyaleconcordia.be\/wp-content\/uploads\/2019\/06\/s.jpg?resize=251%2C300&amp;ssl=1 251w, https:\/\/i0.wp.com\/www.philharmonieroyaleconcordia.be\/wp-content\/uploads\/2019\/06\/s.jpg?resize=768%2C919&amp;ssl=1 768w, https:\/\/i0.wp.com\/www.philharmonieroyaleconcordia.be\/wp-content\/uploads\/2019\/06\/s.jpg?resize=855%2C1024&amp;ssl=1 855w, https:\/\/i0.wp.com\/www.philharmonieroyaleconcordia.be\/wp-content\/uploads\/2019\/06\/s.jpg?resize=42%2C50&amp;ssl=1 42w, https:\/\/i0.wp.com\/www.philharmonieroyaleconcordia.be\/wp-content\/uploads\/2019\/06\/s.jpg?w=1217&amp;ssl=1 1217w\" sizes=\"auto, (max-width: 240px) 100vw, 240px\" data-recalc-dims=\"1\" \/>Serge a d\u00e9but\u00e9 la musique \u00e0 13 ans au sein de l&#8217;harmonie &#8221; Renouveau Musical&#8221; de Genappe en 1981 dont il a repris\u00a0 la direction musicale depuis 1989.<\/p>\n<p>Il a tr\u00e8s vite suivi des cours de trompette \u00e0 l&#8217;Acad\u00e9mie d&#8217;Ottignies ( Court St Etienne ) dans la classe d&#8217;Olivier Dufour.<\/p>\n<p class=\"p1\"><em>Exp\u00e9riences musicales<\/em><\/p>\n<p class=\"p2\"><span class=\"s1\"><b>&#8211; Depuis 1989<\/b><\/span>: Directeur musical de l&#8217;Harmonie &#8221; Renouveau Musical&#8221; de Genappe.<br \/>\n<span class=\"s1\"><b>&#8211; Depuis 2017: <\/b><\/span>Fondateur et trompettiste du &#8220;Dixie Swing Jazz Band&#8221;.<br \/>\n<span class=\"s1\"><b>&#8211; 2008-2016: <\/b><\/span>Directeur musical de &#8220;Odyssey For Friends Big Band&#8221; de Beauvechain.<br \/>\n<span class=\"s1\"><b>&#8211; 2002-2004: <\/b><\/span>Directeur musical de l&#8217;Ensemble &#8221; Compagnie Van Geyte&#8221; de Clabecq.<br \/>\n<span class=\"s1\"><b>&#8211; 1999-2000: <\/b><\/span>Directeur musical de l&#8217;Harmonie de Tangissart.<br \/>\n<strong>&#8211; 2019 \u00e0 maintenant<\/strong> : <strong>Directeur musical de la Philharmonie <\/strong><strong>Royale<\/strong><strong>\u00a0Concordia<\/strong>.<\/p>\n<p class=\"p2\"><em>Actuellement trompettiste dans divers groupes :<\/em><\/p>\n<p class=\"p2\"><img loading=\"lazy\" decoding=\"async\" data-attachment-id=\"482\" data-permalink=\"https:\/\/www.philharmonieroyaleconcordia.be\/?attachment_id=482\" data-orig-file=\"https:\/\/i0.wp.com\/www.philharmonieroyaleconcordia.be\/wp-content\/uploads\/2019\/06\/12341340_130760907292186_2681301864202629662_n.jpg?fit=400%2C400&amp;ssl=1\" data-orig-size=\"400,400\" data-comments-opened=\"1\" data-image-meta=\"{&quot;aperture&quot;:&quot;0&quot;,&quot;credit&quot;:&quot;&quot;,&quot;camera&quot;:&quot;&quot;,&quot;caption&quot;:&quot;&quot;,&quot;created_timestamp&quot;:&quot;0&quot;,&quot;copyright&quot;:&quot;&quot;,&quot;focal_length&quot;:&quot;0&quot;,&quot;iso&quot;:&quot;0&quot;,&quot;shutter_speed&quot;:&quot;0&quot;,&quot;title&quot;:&quot;&quot;,&quot;orientation&quot;:&quot;0&quot;}\" data-image-title=\"12341340_130760907292186_2681301864202629662_n\" data-image-description=\"\" data-image-caption=\"\" data-medium-file=\"https:\/\/i0.wp.com\/www.philharmonieroyaleconcordia.be\/wp-content\/uploads\/2019\/06\/12341340_130760907292186_2681301864202629662_n.jpg?fit=300%2C300&amp;ssl=1\" data-large-file=\"https:\/\/i0.wp.com\/www.philharmonieroyaleconcordia.be\/wp-content\/uploads\/2019\/06\/12341340_130760907292186_2681301864202629662_n.jpg?fit=400%2C400&amp;ssl=1\" class=\"size-medium wp-image-482 alignleft\" src=\"https:\/\/i0.wp.com\/www.philharmonieroyaleconcordia.be\/wp-content\/uploads\/2019\/06\/12341340_130760907292186_2681301864202629662_n.jpg?resize=300%2C300\" alt=\"\" width=\"300\" height=\"300\" srcset=\"https:\/\/i0.wp.com\/www.philharmonieroyaleconcordia.be\/wp-content\/uploads\/2019\/06\/12341340_130760907292186_2681301864202629662_n.jpg?resize=300%2C300&amp;ssl=1 300w, https:\/\/i0.wp.com\/www.philharmonieroyaleconcordia.be\/wp-content\/uploads\/2019\/06\/12341340_130760907292186_2681301864202629662_n.jpg?resize=150%2C150&amp;ssl=1 150w, https:\/\/i0.wp.com\/www.philharmonieroyaleconcordia.be\/wp-content\/uploads\/2019\/06\/12341340_130760907292186_2681301864202629662_n.jpg?resize=50%2C50&amp;ssl=1 50w, https:\/\/i0.wp.com\/www.philharmonieroyaleconcordia.be\/wp-content\/uploads\/2019\/06\/12341340_130760907292186_2681301864202629662_n.jpg?w=400&amp;ssl=1 400w\" sizes=\"auto, (max-width: 300px) 100vw, 300px\" data-recalc-dims=\"1\" \/>&#8211; &#8220;Renouveau Musical &#8221; de Genappe depuis 1981.<br \/>\n&#8211; &#8220;Royale Harmonie Communale&#8221; de Virginal .<br \/>\n&#8211; &#8220;Odyssey For Friends Big Band &#8221; de Beauvechain .<br \/>\n&#8211; &#8220;Big Band Jack Gondry&#8221; de Nivelles<br \/>\n&#8211; &#8220;Dixie Swing Jazz Band&#8221;<br \/>\n&#8211; Collaborations ponctuelles avec diff\u00e9rents groupes ( direction ou instrument): Fanfares et harmonies ( N\u00e9then, Lombise, Nivelles, Jauche, &#8230;) ,Collegian&#8217;s Band Enghien, Dixie Boys Band , Bruocsella Symphony Orchestra, Professeur au Camp Musical organis\u00e9 par FMBW \u2026<\/p>\n<p>&nbsp;<\/p>\n<p>&nbsp;<\/p>\n","protected":false},"excerpt":{"rendered":"<p>Serge CANGE Serge a d\u00e9but\u00e9 la musique \u00e0 13 ans au sein de l&#8217;harmonie &#8221; Renouveau Musical&#8221; de Genappe en 1981 dont il a repris\u00a0 la direction musicale depuis 1989. &hellip; <\/p>\n<p class=\"link-more\"><a href=\"https:\/\/www.philharmonieroyaleconcordia.be\/?page_id=444\" class=\"more-link\">Lire la suite de<span class=\"screen-reader-text\">\u00ab\u00a0Direction musicale\u00a0\u00bb<\/span><\/a><\/p>\n","protected":false},"author":1,"featured_media":0,"parent":0,"menu_order":0,"comment_status":"closed","ping_status":"closed","template":"","meta":{"ngg_post_thumbnail":0,"footnotes":""},"class_list":["post-444","page","type-page","status-publish","hentry"],"wppr_data":{"cwp_meta_box_check":"No"},"jetpack_sharing_enabled":true,"jetpack_shortlink":"https:\/\/wp.me\/PaLYOG-7a","jetpack-related-posts":[{"id":19,"url":"https:\/\/www.philharmonieroyaleconcordia.be\/?page_id=19","url_meta":{"origin":444,"position":0},"title":"Histoire","date":"4 mars 2019","format":false,"excerpt":"Un peu d\u2019histoire Au d\u00e9but de l\u2019\u00e8re industrielle, nos r\u00e9gions ont vu na\u00eetre des fanfares subsidi\u00e9es par des entreprises. La premi\u00e8re station ferroviaire d\u2019Ottignies est mise en service en 1855 et re\u00e7oit un b\u00e2timent provisoire en 1858. En 1860, le chef de gare d\u2019Ottignies r\u00e9unit les musiciens, membres de son\u2026","rel":"","context":"Article similaire","img":{"alt_text":"","src":"","width":0,"height":0},"classes":[]},{"id":24,"url":"https:\/\/www.philharmonieroyaleconcordia.be\/?page_id=24","url_meta":{"origin":444,"position":1},"title":"Musiciens","date":"6 avril 2021","format":false,"excerpt":"Directeur musical CANGE Serge Clarinette DELBECQUE Eva GRESSENS Genevi\u00e8ve NONHOFF Anne DAGNELIE Axelle GODART Maurice PARIS Daniel Clarinette basse COSY Monique Hautbois GARCIA Juan-Carlos Flutes GERARD Thomas LEJEUNE Val\u00e9rie POLOME Anne-Marie BEUN L\u00e9a VANDERCRUYSSEN Myriam DELVIGNE Catherine WARZEE M\u00e9line DUMONT Alice ABSIL Ana\u00efs GARCIA Ala\u00efs DEGOLS Cl\u00e9mence Saxophone altos PIETTE\u2026","rel":"","context":"Article similaire","img":{"alt_text":"","src":"https:\/\/i0.wp.com\/www.philharmonieroyaleconcordia.be\/wp-content\/uploads\/2023\/07\/serge-chef-cange-300x211.png?resize=350%2C200","width":350,"height":200},"classes":[]},{"id":22,"url":"https:\/\/www.philharmonieroyaleconcordia.be\/?page_id=22","url_meta":{"origin":444,"position":2},"title":"Notre Vision","date":"4 mars 2019","format":false,"excerpt":"Cr\u00e9ation, initiative, sens des responsabilit\u00e9s et r\u00e9flexions, acceptation des autres, efforts sans cesse renouvel\u00e9s en qu\u00eate d\u2019une perfection. On pourrait sans doute penser que ce sont des mots un peu \u00e9trangers au monde de la musique. Et pourtant... Nous sommes tous convaincus de l\u2019int\u00e9r\u00eat de conserver vivante au sein de\u2026","rel":"","context":"Article similaire","img":{"alt_text":"","src":"https:\/\/i0.wp.com\/www.philharmonieroyaleconcordia.be\/wp-content\/uploads\/2019\/03\/Pol.jpg?resize=350%2C200&ssl=1","width":350,"height":200},"classes":[]},{"id":167,"url":"https:\/\/www.philharmonieroyaleconcordia.be\/?page_id=167","url_meta":{"origin":444,"position":3},"title":"Vid\u00e9os","date":"17 mars 2019","format":false,"excerpt":"Cliquez sur le lien ci-dessous pour vous visionnez nos vid\u00e9os. \u00a0 \u00a0 Broadway Concert Night 2023 au SPOTT d'Ottignies (22 avril 2023). \"Concert de gala sur le th\u00eame des com\u00e9dies musicales\u00a0 - Direction Serge Cange Extrait de West Side Story (Mambo) Extrait de la Belle et la B\u00eate \u00a0 Extrait\u2026","rel":"","context":"Article similaire","img":{"alt_text":"","src":"","width":0,"height":0},"classes":[]},{"id":2034,"url":"https:\/\/www.philharmonieroyaleconcordia.be\/?page_id=2034","url_meta":{"origin":444,"position":4},"title":"Proposez-nous une prestation","date":"25 juillet 2023","format":false,"excerpt":"Vous souhaitez organiser un concert ? Contactez nous pour tout type de prestation. On vous r\u00e9pondra avec plaisir! Nous proposons animations musicales pour vos \u00e9v\u00e9nements, en int\u00e9rieur ou en ext\u00e9rieur, en France ou \u00e0 l\u2019\u00e9tranger. D\u2019une dur\u00e9e de 30 min \u00e0 1h30, les concerts sont \u00e9labor\u00e9s en \u00e9troite collaboration avec\u2026","rel":"","context":"Article similaire","img":{"alt_text":"","src":"","width":0,"height":0},"classes":[]},{"id":581,"url":"https:\/\/www.philharmonieroyaleconcordia.be\/?page_id=581","url_meta":{"origin":444,"position":5},"title":"Revues Presto","date":"25 novembre 2019","format":false,"excerpt":"Tous les deux mois, la F\u00e9d\u00e9ration Musicale du Brabant wallon publie une revue Presto.\u00a0 Retrouvez les revues Presto ici : Presto 44 - septembre-octobre 2024 \u00a0 Archives :\u00a0 Presto001 Presto002 Presto003 Presto004 Presto005 Presto006 Presto007 Presto008 Presto009 Presto010 Presto011 Presto012 Presto013 Presto014 Presto015\u00a0 Presto016 Presto017 Presto018 Presto019 Presto020 Presto021 Presto022\u2026","rel":"","context":"Article similaire","img":{"alt_text":"","src":"","width":0,"height":0},"classes":[]}],"_links":{"self":[{"href":"https:\/\/www.philharmonieroyaleconcordia.be\/index.php?rest_route=\/wp\/v2\/pages\/444","targetHints":{"allow":["GET"]}}],"collection":[{"href":"https:\/\/www.philharmonieroyaleconcordia.be\/index.php?rest_route=\/wp\/v2\/pages"}],"about":[{"href":"https:\/\/www.philharmonieroyaleconcordia.be\/index.php?rest_route=\/wp\/v2\/types\/page"}],"author":[{"embeddable":true,"href":"https:\/\/www.philharmonieroyaleconcordia.be\/index.php?rest_route=\/wp\/v2\/users\/1"}],"replies":[{"embeddable":true,"href":"https:\/\/www.philharmonieroyaleconcordia.be\/index.php?rest_route=%2Fwp%2Fv2%2Fcomments&post=444"}],"version-history":[{"count":10,"href":"https:\/\/www.philharmonieroyaleconcordia.be\/index.php?rest_route=\/wp\/v2\/pages\/444\/revisions"}],"predecessor-version":[{"id":2498,"href":"https:\/\/www.philharmonieroyaleconcordia.be\/index.php?rest_route=\/wp\/v2\/pages\/444\/revisions\/2498"}],"wp:attachment":[{"href":"https:\/\/www.philharmonieroyaleconcordia.be\/index.php?rest_route=%2Fwp%2Fv2%2Fmedia&parent=444"}],"curies":[{"name":"wp","href":"https:\/\/api.w.org\/{rel}","templated":true}]}}