{"id":623,"date":"2020-01-26T07:23:48","date_gmt":"2020-01-26T06:23:48","guid":{"rendered":"http:\/\/www.philharmonieroyaleconcordia.be\/?page_id=623"},"modified":"2020-01-27T08:53:19","modified_gmt":"2020-01-27T07:53:19","slug":"nos-medias-photos-videos-etc","status":"publish","type":"page","link":"https:\/\/www.philharmonieroyaleconcordia.be\/?page_id=623","title":{"rendered":"Nos m\u00e9dias (photos, vid\u00e9os, etc.)"},"content":{"rendered":"<p>En cliquant sur la petite fl\u00e8che \u00e0 droite du mot &#8220;<strong>Nos m\u00e9dias&#8221;<\/strong>, vous d\u00e9couvrirez les vid\u00e9os et photos de nos prestations.<\/p>\n","protected":false},"excerpt":{"rendered":"<p>En cliquant sur la petite fl\u00e8che \u00e0 droite du mot &#8220;Nos m\u00e9dias&#8221;, vous d\u00e9couvrirez les vid\u00e9os et photos de nos prestations.<\/p>\n","protected":false},"author":2,"featured_media":0,"parent":0,"menu_order":0,"comment_status":"closed","ping_status":"closed","template":"","meta":{"ngg_post_thumbnail":0,"footnotes":""},"class_list":["post-623","page","type-page","status-publish","hentry"],"wppr_data":{"cwp_meta_box_check":"No"},"jetpack_sharing_enabled":true,"jetpack_shortlink":"https:\/\/wp.me\/PaLYOG-a3","jetpack-related-posts":[{"id":167,"url":"https:\/\/www.philharmonieroyaleconcordia.be\/?page_id=167","url_meta":{"origin":623,"position":0},"title":"Vid\u00e9os","date":"17 mars 2019","format":false,"excerpt":"Cliquez sur le lien ci-dessous pour vous visionnez nos vid\u00e9os. \u00a0 \u00a0 Broadway Concert Night 2023 au SPOTT d'Ottignies (22 avril 2023). \"Concert de gala sur le th\u00eame des com\u00e9dies musicales\u00a0 - Direction Serge Cange Extrait de West Side Story (Mambo) Extrait de la Belle et la B\u00eate \u00a0 Extrait\u2026","rel":"","context":"Article similaire","img":{"alt_text":"","src":"","width":0,"height":0},"classes":[]},{"id":2027,"url":"https:\/\/www.philharmonieroyaleconcordia.be\/?page_id=2027","url_meta":{"origin":623,"position":1},"title":"Nous contacter","date":"25 juillet 2023","format":false,"excerpt":"Philharmonie Royale Concordia d\u2019Ottignies A.S.B.L Si\u00e8ge social : Cour des Terres Noires, 4 - 1341 Ottignies \u2013 C\u00e9roux-Mousty Compte bancaire : BE62 0634 4100 3461 Nr d\u2019entreprise : 830.598.132 Adresse e-mail : orchestreprc@gmail.com GSM : 0488 76 56 47 \/ 0495 19 25 20 Page Facebook -\u00a0Page Instagram\u00a0 \u00a0 \u00a0\u2026","rel":"","context":"Article similaire","img":{"alt_text":"","src":"","width":0,"height":0},"classes":[]},{"id":26,"url":"https:\/\/www.philharmonieroyaleconcordia.be\/?page_id=26","url_meta":{"origin":623,"position":2},"title":"Album photos","date":"4 mars 2019","format":false,"excerpt":"F\u00eates de Wallonie \u00e0 Ottignies [15 Septembre 2024] \u00a0 Clic ici pour visualiser l'album complet du concert\u00a0 \u00a0 A World of Heroes 2024 Clic ici pour visualiser l'album complet du concert 'A World of Heroes of Heroes' 2024 \u00a0 Broadway Concert\u00a0 Night 2023 \u00a0 Clic ici pour visualiser l'album complet\u2026","rel":"","context":"Article similaire","img":{"alt_text":"","src":"https:\/\/i0.wp.com\/www.philharmonieroyaleconcordia.be\/wp-content\/uploads\/2021\/05\/2020-09-26-10.01.00-scaled.jpg?resize=350%2C200","width":350,"height":200},"classes":[]},{"id":19,"url":"https:\/\/www.philharmonieroyaleconcordia.be\/?page_id=19","url_meta":{"origin":623,"position":3},"title":"Histoire","date":"4 mars 2019","format":false,"excerpt":"Un peu d\u2019histoire Au d\u00e9but de l\u2019\u00e8re industrielle, nos r\u00e9gions ont vu na\u00eetre des fanfares subsidi\u00e9es par des entreprises. La premi\u00e8re station ferroviaire d\u2019Ottignies est mise en service en 1855 et re\u00e7oit un b\u00e2timent provisoire en 1858. En 1860, le chef de gare d\u2019Ottignies r\u00e9unit les musiciens, membres de son\u2026","rel":"","context":"Article similaire","img":{"alt_text":"","src":"","width":0,"height":0},"classes":[]}],"_links":{"self":[{"href":"https:\/\/www.philharmonieroyaleconcordia.be\/index.php?rest_route=\/wp\/v2\/pages\/623","targetHints":{"allow":["GET"]}}],"collection":[{"href":"https:\/\/www.philharmonieroyaleconcordia.be\/index.php?rest_route=\/wp\/v2\/pages"}],"about":[{"href":"https:\/\/www.philharmonieroyaleconcordia.be\/index.php?rest_route=\/wp\/v2\/types\/page"}],"author":[{"embeddable":true,"href":"https:\/\/www.philharmonieroyaleconcordia.be\/index.php?rest_route=\/wp\/v2\/users\/2"}],"replies":[{"embeddable":true,"href":"https:\/\/www.philharmonieroyaleconcordia.be\/index.php?rest_route=%2Fwp%2Fv2%2Fcomments&post=623"}],"version-history":[{"count":3,"href":"https:\/\/www.philharmonieroyaleconcordia.be\/index.php?rest_route=\/wp\/v2\/pages\/623\/revisions"}],"predecessor-version":[{"id":678,"href":"https:\/\/www.philharmonieroyaleconcordia.be\/index.php?rest_route=\/wp\/v2\/pages\/623\/revisions\/678"}],"wp:attachment":[{"href":"https:\/\/www.philharmonieroyaleconcordia.be\/index.php?rest_route=%2Fwp%2Fv2%2Fmedia&parent=623"}],"curies":[{"name":"wp","href":"https:\/\/api.w.org\/{rel}","templated":true}]}}